{"id":6245,"date":"2021-08-13T13:14:07","date_gmt":"2021-08-13T11:14:07","guid":{"rendered":"https:\/\/aquarel.org\/chi-siamo\/"},"modified":"2021-08-20T12:38:34","modified_gmt":"2021-08-20T10:38:34","slug":"chi-siamo","status":"publish","type":"page","link":"https:\/\/aquarel.org\/it\/chi-siamo\/","title":{"rendered":"Chi siamo"},"content":{"rendered":"[vc_row type=&#8221;in_container&#8221; full_screen_row_position=&#8221;middle&#8221; column_margin=&#8221;default&#8221; column_direction=&#8221;default&#8221; column_direction_tablet=&#8221;default&#8221; column_direction_phone=&#8221;default&#8221; scene_position=&#8221;center&#8221; text_color=&#8221;dark&#8221; text_align=&#8221;left&#8221; row_border_radius=&#8221;none&#8221; row_border_radius_applies=&#8221;bg&#8221; overlay_strength=&#8221;0.3&#8243; gradient_direction=&#8221;left_to_right&#8221; shape_divider_position=&#8221;bottom&#8221; bg_image_animation=&#8221;none&#8221;][vc_column column_padding=&#8221;no-extra-padding&#8221; column_padding_tablet=&#8221;inherit&#8221; column_padding_phone=&#8221;inherit&#8221; column_padding_position=&#8221;all&#8221; column_element_spacing=&#8221;default&#8221; background_color_opacity=&#8221;1&#8243; background_hover_color_opacity=&#8221;1&#8243; column_shadow=&#8221;none&#8221; column_border_radius=&#8221;none&#8221; column_link_target=&#8221;_self&#8221; gradient_direction=&#8221;left_to_right&#8221; overlay_strength=&#8221;0.3&#8243; width=&#8221;1\/1&#8243; tablet_width_inherit=&#8221;default&#8221; tablet_text_alignment=&#8221;default&#8221; phone_text_alignment=&#8221;default&#8221; bg_image_animation=&#8221;none&#8221; border_type=&#8221;simple&#8221; column_border_width=&#8221;none&#8221; column_border_style=&#8221;solid&#8221;][divider line_type=&#8221;No Line&#8221; custom_height=&#8221;100&#8243;][\/vc_column][\/vc_row][vc_row type=&#8221;in_container&#8221; full_screen_row_position=&#8221;middle&#8221; column_margin=&#8221;90px&#8221; column_direction=&#8221;default&#8221; column_direction_tablet=&#8221;default&#8221; column_direction_phone=&#8221;default&#8221; scene_position=&#8221;center&#8221; text_color=&#8221;dark&#8221; text_align=&#8221;left&#8221; row_border_radius=&#8221;none&#8221; row_border_radius_applies=&#8221;bg&#8221; overlay_strength=&#8221;0.3&#8243; gradient_direction=&#8221;left_to_right&#8221; enable_shape_divider=&#8221;true&#8221; shape_divider_position=&#8221;bottom&#8221; bg_image_animation=&#8221;none&#8221; shape_type=&#8221;mountains&#8221;][vc_column column_padding=&#8221;no-extra-padding&#8221; column_padding_tablet=&#8221;inherit&#8221; column_padding_phone=&#8221;inherit&#8221; column_padding_position=&#8221;all&#8221; column_element_spacing=&#8221;default&#8221; background_color_opacity=&#8221;1&#8243; background_hover_color_opacity=&#8221;1&#8243; column_shadow=&#8221;none&#8221; column_border_radius=&#8221;none&#8221; column_link_target=&#8221;_self&#8221; gradient_direction=&#8221;left_to_right&#8221; overlay_strength=&#8221;0.3&#8243; width=&#8221;1\/1&#8243; tablet_width_inherit=&#8221;default&#8221; tablet_text_alignment=&#8221;default&#8221; phone_text_alignment=&#8221;default&#8221; bg_image_animation=&#8221;none&#8221; border_type=&#8221;simple&#8221; column_border_width=&#8221;none&#8221; column_border_style=&#8221;solid&#8221;]<div class=\"iwithtext\"><div class=\"iwt-icon\"> <i class=\"icon-default-style fa fa-picture-o accent-color\"><\/i> <\/div><div class=\"iwt-text\"> aquarel.org \u00e8 un blog di melaweb srl dove vengono pubblicate notizie e consigli su tecnologia, marketing e seo, turismo e viaggi e servizi per aziende.<br \/>\nIl blog was \u00e8 molto giovane ma si basa su un dominio registrato da pi\u00f9 di 16 anni con un autorit\u00e0 di 62, punteggio che lo rende perfetto per migliorare il tuo posizionamento nei motori di ricerca. <\/div><div class=\"clear\"><\/div><\/div>[\/vc_column][\/vc_row]\n","protected":false},"excerpt":{"rendered":"<p>[vc_row type=&#8221;in_container&#8221; full_screen_row_position=&#8221;middle&#8221; column_margin=&#8221;default&#8221; column_direction=&#8221;default&#8221; column_direction_tablet=&#8221;default&#8221; column_direction_phone=&#8221;default&#8221; scene_position=&#8221;center&#8221; text_color=&#8221;dark&#8221; text_align=&#8221;left&#8221; row_border_radius=&#8221;none&#8221; row_border_radius_applies=&#8221;bg&#8221; overlay_strength=&#8221;0.3&#8243; gradient_direction=&#8221;left_to_right&#8221; shape_divider_position=&#8221;bottom&#8221; bg_image_animation=&#8221;none&#8221;][vc_column column_padding=&#8221;no-extra-padding&#8221; column_padding_tablet=&#8221;inherit&#8221; column_padding_phone=&#8221;inherit&#8221; column_padding_position=&#8221;all&#8221; column_element_spacing=&#8221;default&#8221; background_color_opacity=&#8221;1&#8243; background_hover_color_opacity=&#8221;1&#8243; column_shadow=&#8221;none&#8221; column_border_radius=&#8221;none&#8221;&#8230;<\/p>\n","protected":false},"author":1,"featured_media":0,"parent":0,"menu_order":0,"comment_status":"closed","ping_status":"closed","template":"","meta":{"footnotes":""},"class_list":["post-6245","page","type-page","status-publish"],"yoast_head":"<!-- This site is optimized with the Yoast SEO plugin v27.3 - https:\/\/yoast.com\/product\/yoast-seo-wordpress\/ -->\n<title>Chi siamo - Aquarel Blog<\/title>\n<meta name=\"description\" content=\"questo blog \u00e8 un contenitore di notizie interessanti su tecnologia, viaggi e servizi per le aziende come marketing, seo, sem e applicazioni\" \/>\n<meta name=\"robots\" content=\"index, follow, max-snippet:-1, max-image-preview:large, max-video-preview:-1\" \/>\n<link rel=\"canonical\" href=\"https:\/\/aquarel.org\/it\/chi-siamo\/\" \/>\n<meta property=\"og:locale\" content=\"it_IT\" \/>\n<meta property=\"og:type\" content=\"article\" \/>\n<meta property=\"og:title\" content=\"Chi siamo - Aquarel Blog\" \/>\n<meta property=\"og:description\" content=\"questo blog \u00e8 un contenitore di notizie interessanti su tecnologia, viaggi e servizi per le aziende come marketing, seo, sem e applicazioni\" \/>\n<meta property=\"og:url\" content=\"https:\/\/aquarel.org\/it\/chi-siamo\/\" \/>\n<meta property=\"og:site_name\" content=\"Aquarel Blog\" \/>\n<meta property=\"article:modified_time\" content=\"2021-08-20T10:38:34+00:00\" \/>\n<meta name=\"twitter:card\" content=\"summary_large_image\" \/>\n<meta name=\"twitter:label1\" content=\"Tempo di lettura stimato\" \/>\n\t<meta name=\"twitter:data1\" content=\"2 minuti\" \/>\n<script type=\"application\/ld+json\" class=\"yoast-schema-graph\">{\"@context\":\"https:\\\/\\\/schema.org\",\"@graph\":[{\"@type\":\"WebPage\",\"@id\":\"https:\\\/\\\/aquarel.org\\\/it\\\/chi-siamo\\\/\",\"url\":\"https:\\\/\\\/aquarel.org\\\/it\\\/chi-siamo\\\/\",\"name\":\"Chi siamo - Aquarel Blog\",\"isPartOf\":{\"@id\":\"https:\\\/\\\/aquarel.org\\\/it\\\/#website\"},\"datePublished\":\"2021-08-13T11:14:07+00:00\",\"dateModified\":\"2021-08-20T10:38:34+00:00\",\"description\":\"questo blog \u00e8 un contenitore di notizie interessanti su tecnologia, viaggi e servizi per le aziende come marketing, seo, sem e applicazioni\",\"breadcrumb\":{\"@id\":\"https:\\\/\\\/aquarel.org\\\/it\\\/chi-siamo\\\/#breadcrumb\"},\"inLanguage\":\"it-IT\",\"potentialAction\":[{\"@type\":\"ReadAction\",\"target\":[\"https:\\\/\\\/aquarel.org\\\/it\\\/chi-siamo\\\/\"]}]},{\"@type\":\"BreadcrumbList\",\"@id\":\"https:\\\/\\\/aquarel.org\\\/it\\\/chi-siamo\\\/#breadcrumb\",\"itemListElement\":[{\"@type\":\"ListItem\",\"position\":1,\"name\":\"Home\",\"item\":\"https:\\\/\\\/aquarel.org\\\/it\\\/\"},{\"@type\":\"ListItem\",\"position\":2,\"name\":\"Chi siamo\"}]},{\"@type\":\"WebSite\",\"@id\":\"https:\\\/\\\/aquarel.org\\\/it\\\/#website\",\"url\":\"https:\\\/\\\/aquarel.org\\\/it\\\/\",\"name\":\"Aquarel Blog - tech and more\",\"description\":\"Notizie di tecnologia, turismo e business\",\"publisher\":{\"@id\":\"https:\\\/\\\/aquarel.org\\\/it\\\/#\\\/schema\\\/person\\\/372c81a47c8602deeeb58da81e03beea\"},\"potentialAction\":[{\"@type\":\"SearchAction\",\"target\":{\"@type\":\"EntryPoint\",\"urlTemplate\":\"https:\\\/\\\/aquarel.org\\\/it\\\/?s={search_term_string}\"},\"query-input\":{\"@type\":\"PropertyValueSpecification\",\"valueRequired\":true,\"valueName\":\"search_term_string\"}}],\"inLanguage\":\"it-IT\"},{\"@type\":[\"Person\",\"Organization\"],\"@id\":\"https:\\\/\\\/aquarel.org\\\/it\\\/#\\\/schema\\\/person\\\/372c81a47c8602deeeb58da81e03beea\",\"name\":\"komax\",\"image\":{\"@type\":\"ImageObject\",\"inLanguage\":\"it-IT\",\"@id\":\"https:\\\/\\\/secure.gravatar.com\\\/avatar\\\/8eb8b2b32ff18fff0b415e3a23f9e8c222c0b1c9b3d0d11c1bd1e74c64f45e6d?s=96&d=mm&r=g\",\"url\":\"https:\\\/\\\/secure.gravatar.com\\\/avatar\\\/8eb8b2b32ff18fff0b415e3a23f9e8c222c0b1c9b3d0d11c1bd1e74c64f45e6d?s=96&d=mm&r=g\",\"contentUrl\":\"https:\\\/\\\/secure.gravatar.com\\\/avatar\\\/8eb8b2b32ff18fff0b415e3a23f9e8c222c0b1c9b3d0d11c1bd1e74c64f45e6d?s=96&d=mm&r=g\",\"caption\":\"komax\"},\"logo\":{\"@id\":\"https:\\\/\\\/secure.gravatar.com\\\/avatar\\\/8eb8b2b32ff18fff0b415e3a23f9e8c222c0b1c9b3d0d11c1bd1e74c64f45e6d?s=96&d=mm&r=g\"},\"sameAs\":[\"http:\\\/\\\/aquarel.org\"]}]}<\/script>\n<!-- \/ Yoast SEO plugin. -->","yoast_head_json":{"title":"Chi siamo - Aquarel Blog","description":"questo blog \u00e8 un contenitore di notizie interessanti su tecnologia, viaggi e servizi per le aziende come marketing, seo, sem e applicazioni","robots":{"index":"index","follow":"follow","max-snippet":"max-snippet:-1","max-image-preview":"max-image-preview:large","max-video-preview":"max-video-preview:-1"},"canonical":"https:\/\/aquarel.org\/it\/chi-siamo\/","og_locale":"it_IT","og_type":"article","og_title":"Chi siamo - Aquarel Blog","og_description":"questo blog \u00e8 un contenitore di notizie interessanti su tecnologia, viaggi e servizi per le aziende come marketing, seo, sem e applicazioni","og_url":"https:\/\/aquarel.org\/it\/chi-siamo\/","og_site_name":"Aquarel Blog","article_modified_time":"2021-08-20T10:38:34+00:00","twitter_card":"summary_large_image","twitter_misc":{"Tempo di lettura stimato":"2 minuti"},"schema":{"@context":"https:\/\/schema.org","@graph":[{"@type":"WebPage","@id":"https:\/\/aquarel.org\/it\/chi-siamo\/","url":"https:\/\/aquarel.org\/it\/chi-siamo\/","name":"Chi siamo - Aquarel Blog","isPartOf":{"@id":"https:\/\/aquarel.org\/it\/#website"},"datePublished":"2021-08-13T11:14:07+00:00","dateModified":"2021-08-20T10:38:34+00:00","description":"questo blog \u00e8 un contenitore di notizie interessanti su tecnologia, viaggi e servizi per le aziende come marketing, seo, sem e applicazioni","breadcrumb":{"@id":"https:\/\/aquarel.org\/it\/chi-siamo\/#breadcrumb"},"inLanguage":"it-IT","potentialAction":[{"@type":"ReadAction","target":["https:\/\/aquarel.org\/it\/chi-siamo\/"]}]},{"@type":"BreadcrumbList","@id":"https:\/\/aquarel.org\/it\/chi-siamo\/#breadcrumb","itemListElement":[{"@type":"ListItem","position":1,"name":"Home","item":"https:\/\/aquarel.org\/it\/"},{"@type":"ListItem","position":2,"name":"Chi siamo"}]},{"@type":"WebSite","@id":"https:\/\/aquarel.org\/it\/#website","url":"https:\/\/aquarel.org\/it\/","name":"Aquarel Blog - tech and more","description":"Notizie di tecnologia, turismo e business","publisher":{"@id":"https:\/\/aquarel.org\/it\/#\/schema\/person\/372c81a47c8602deeeb58da81e03beea"},"potentialAction":[{"@type":"SearchAction","target":{"@type":"EntryPoint","urlTemplate":"https:\/\/aquarel.org\/it\/?s={search_term_string}"},"query-input":{"@type":"PropertyValueSpecification","valueRequired":true,"valueName":"search_term_string"}}],"inLanguage":"it-IT"},{"@type":["Person","Organization"],"@id":"https:\/\/aquarel.org\/it\/#\/schema\/person\/372c81a47c8602deeeb58da81e03beea","name":"komax","image":{"@type":"ImageObject","inLanguage":"it-IT","@id":"https:\/\/secure.gravatar.com\/avatar\/8eb8b2b32ff18fff0b415e3a23f9e8c222c0b1c9b3d0d11c1bd1e74c64f45e6d?s=96&d=mm&r=g","url":"https:\/\/secure.gravatar.com\/avatar\/8eb8b2b32ff18fff0b415e3a23f9e8c222c0b1c9b3d0d11c1bd1e74c64f45e6d?s=96&d=mm&r=g","contentUrl":"https:\/\/secure.gravatar.com\/avatar\/8eb8b2b32ff18fff0b415e3a23f9e8c222c0b1c9b3d0d11c1bd1e74c64f45e6d?s=96&d=mm&r=g","caption":"komax"},"logo":{"@id":"https:\/\/secure.gravatar.com\/avatar\/8eb8b2b32ff18fff0b415e3a23f9e8c222c0b1c9b3d0d11c1bd1e74c64f45e6d?s=96&d=mm&r=g"},"sameAs":["http:\/\/aquarel.org"]}]}},"_links":{"self":[{"href":"https:\/\/aquarel.org\/it\/wp-json\/wp\/v2\/pages\/6245","targetHints":{"allow":["GET"]}}],"collection":[{"href":"https:\/\/aquarel.org\/it\/wp-json\/wp\/v2\/pages"}],"about":[{"href":"https:\/\/aquarel.org\/it\/wp-json\/wp\/v2\/types\/page"}],"author":[{"embeddable":true,"href":"https:\/\/aquarel.org\/it\/wp-json\/wp\/v2\/users\/1"}],"replies":[{"embeddable":true,"href":"https:\/\/aquarel.org\/it\/wp-json\/wp\/v2\/comments?post=6245"}],"version-history":[{"count":5,"href":"https:\/\/aquarel.org\/it\/wp-json\/wp\/v2\/pages\/6245\/revisions"}],"predecessor-version":[{"id":6250,"href":"https:\/\/aquarel.org\/it\/wp-json\/wp\/v2\/pages\/6245\/revisions\/6250"}],"wp:attachment":[{"href":"https:\/\/aquarel.org\/it\/wp-json\/wp\/v2\/media?parent=6245"}],"curies":[{"name":"wp","href":"https:\/\/api.w.org\/{rel}","templated":true}]}}